{"id":9072,"date":"2024-02-21T12:05:44","date_gmt":"2024-02-21T10:05:44","guid":{"rendered":"https:\/\/jessica-noll.de\/?page_id=9072"},"modified":"2024-03-10T18:12:33","modified_gmt":"2024-03-10T16:12:33","slug":"impressum","status":"publish","type":"page","link":"https:\/\/jessica-noll.de\/en\/impressum\/","title":{"rendered":"Impressum New"},"content":{"rendered":"<div data-elementor-type=\"wp-page\" data-elementor-id=\"9072\" class=\"elementor elementor-9072\" data-elementor-post-type=\"page\">\n\t\t\t\t\t\t<section class=\"elementor-section elementor-top-section elementor-element elementor-element-22fe5b0 elementor-section-height-min-height qodef-elementor-content-grid elementor-section-content-middle elementor-section-boxed elementor-section-height-default elementor-section-items-middle\" data-id=\"22fe5b0\" data-element_type=\"section\" data-settings=\"{&quot;background_background&quot;:&quot;classic&quot;}\">\n\t\t\t\t\t\t<div class=\"elementor-container elementor-column-gap-default\">\n\t\t\t\t\t<div class=\"elementor-column elementor-col-100 elementor-top-column elementor-element elementor-element-9be5131\" data-id=\"9be5131\" data-element_type=\"column\">\n\t\t\t<div class=\"elementor-widget-wrap\">\n\t\t\t\t\t\t\t<\/div>\n\t\t<\/div>\n\t\t\t\t\t<\/div>\n\t\t<\/section>\n\t\t\t\t<section class=\"elementor-section elementor-top-section elementor-element elementor-element-6553035 elementor-section-content-middle qodef-elementor-content-grid elementor-section-boxed elementor-section-height-default elementor-section-height-default\" data-id=\"6553035\" data-element_type=\"section\" data-settings=\"{&quot;background_background&quot;:&quot;classic&quot;}\">\n\t\t\t\t\t\t<div class=\"elementor-container elementor-column-gap-default\">\n\t\t\t\t\t<div class=\"elementor-column elementor-col-100 elementor-top-column elementor-element elementor-element-48a5566\" data-id=\"48a5566\" data-element_type=\"column\">\n\t\t\t<div class=\"elementor-widget-wrap elementor-element-populated\">\n\t\t\t\t\t\t<div class=\"elementor-element elementor-element-7d96d2a elementor-widget__width-initial elementor-widget-tablet__width-inherit elementor-widget elementor-widget-qi_addons_for_elementor_section_title\" data-id=\"7d96d2a\" data-element_type=\"widget\" data-widget_type=\"qi_addons_for_elementor_section_title.default\">\n\t\t\t\t<div class=\"elementor-widget-container\">\n\t\t\t\t\t<div class=\"qodef-shortcode qodef-m qodef-qi-section-title qodef-decoration--italic qodef-link--underline-draw qodef-subtitle-icon--left\">\n\t\t\t\t<h6 class=\"qodef-m-subtitle\">\n\t\tImpressum\t\t\t<\/h6>\n\t\t\t\t\t<div class=\"qodef-m-text\"><p>Jessica Noll, Heilpraktikerin<br \/>TCM Praxis Qi-Point<\/p><p>Karlsruher Str. 7a\/8<br \/>10711 Berlin\u00a0<\/p><\/div>\n\t<\/div>\n\t\t\t\t<\/div>\n\t\t\t\t<\/div>\n\t\t\t\t<div class=\"elementor-element elementor-element-b335a8d elementor-widget__width-initial elementor-widget-tablet__width-inherit elementor-widget elementor-widget-qi_addons_for_elementor_section_title\" data-id=\"b335a8d\" data-element_type=\"widget\" data-widget_type=\"qi_addons_for_elementor_section_title.default\">\n\t\t\t\t<div class=\"elementor-widget-container\">\n\t\t\t\t\t<div class=\"qodef-shortcode qodef-m qodef-qi-section-title qodef-decoration--italic qodef-link--underline-draw qodef-subtitle-icon--left\">\n\t\t\t\t<h6 class=\"qodef-m-subtitle\">\n\t\tVerantwortlich f\u00fcr den Inhalt nach \u00a7 55 Abs. 2 RStV:\t\t\t<\/h6>\n\t\t\t\t\t<div class=\"qodef-m-text\"><p>Praxisname:\u00a0<\/p><p>TCM Praxis<br \/>Jessica Noll, Heilpraktikerin\u00a0<\/p><p>Praxisanschrift:<br \/>Karlsruher Str. 7A\/8, 10711 Berlin<\/p><p>Telefon:<br \/>030-8312344 (Berlin)<\/p><p>Fax:<br \/>030-700143-0018<\/p><p>E-Mail:<br \/>info@jessica-noll.de\u00a0<\/p><\/div>\n\t<\/div>\n\t\t\t\t<\/div>\n\t\t\t\t<\/div>\n\t\t\t\t<div class=\"elementor-element elementor-element-648aa38 elementor-widget__width-initial elementor-widget-tablet__width-inherit elementor-widget elementor-widget-qi_addons_for_elementor_section_title\" data-id=\"648aa38\" data-element_type=\"widget\" data-widget_type=\"qi_addons_for_elementor_section_title.default\">\n\t\t\t\t<div class=\"elementor-widget-container\">\n\t\t\t\t\t<div class=\"qodef-shortcode qodef-m qodef-qi-section-title qodef-decoration--italic qodef-link--underline-draw qodef-subtitle-icon--left\">\n\t\t\t\t<h6 class=\"qodef-m-subtitle\">\n\t\tZust\u00e4ndige\u00a0Aufsichtsbeh\u00f6rde:\t\t\t<\/h6>\n\t\t\t\t\t<div class=\"qodef-m-text\"><p><a href=\"https:\/\/www.berlin.de\/ba-charlottenburg-wilmersdorf\/verwaltung\/aemter\/gesundheit\/\" target=\"_blank\" rel=\"noopener\">Gesundheitsamt Berlin Charlottenburg - Wilmersdorf<\/a><\/p><p><strong>Berufsbezeichnung:\u00a0<\/strong><br \/>Heilpraktiker (verliehen in der Bundesrepublik Deutschland)\u00a0<\/p><p><strong>Berufsrechtliche Ordnungen:<\/strong><br \/><a href=\"https:\/\/www.berlin.de\/ba-charlottenburg-wilmersdorf\/verwaltung\/aemter\/gesundheit\/\" target=\"_blank\" rel=\"noopener\">Gesundheitsamt Berlin Charlottenburg - Wilmersdorf<\/a><br \/><a href=\"https:\/\/www.gesetze-im-internet.de\/heilprg\/index.html\" target=\"_blank\" rel=\"noopener\">Heilpraktikergesetz<\/a><br \/><a href=\"https:\/\/freieheilpraktiker.com\/berufsbild\" target=\"_blank\" rel=\"noopener\">Berufsbild des Heilpraktikers<\/a><br \/><a href=\"https:\/\/freieheilpraktiker.com\/behandlungskosten\" target=\"_blank\" rel=\"noopener\">Behandlungskosten<\/a><\/p><p><strong>Relevante Verbandmitgliedschaften:<\/strong><\/p><p><a href=\"http:\/\/www.agtcm.de\/\" target=\"_blank\" rel=\"noopener\">Arbeitsgemeinschaft f\u00fcr Klassische Akupunktur und TCM e.V.<\/a><\/p><p><a href=\"http:\/\/www.freieheilpraktiker.com\/\" target=\"_blank\" rel=\"noopener\">Freie Heilpraktiker e.V.<\/a><\/p><p>Inhaltlich Verantwortlicher gem\u00e4\u00df \u00a7 6 MDStV:<br \/>Jessica Noll, Heilpraktikerin<br \/><br \/><\/p><p>Der Titel \"Heilpraktiker\" ist eine in Deutschland nach dem Heilpraktikergesetz (HPG) vom 17.02.1939 erteilte Berufsbezeichnung. \u00dcber den Antrag auf Erteilung entscheidet nach der Durchf\u00fchrungsverordnung zum Heilpraktikergesetz (DVO) vom 18.02.1939 die Untere Verwaltundsbeh\u00f6rde.<\/p><p>Erlaubnis zur Aus\u00fcbung der Heilkunde ohne Bestallung erteilt vom Senator f\u00fcr Gesundheit und Soziales der Stadt Berlin am 22.06.1984.<br \/>Die berufsrechtlichen Regelungen sind online beim\u00a0<a href=\"http:\/\/www.heilpraktiker.org\/boh\/bohtop.htm\" target=\"_blank\" rel=\"noopener\">Fachverband Deutscher Heilpraktiker Bundesverband e.V.<\/a><\/p><div>\u00a9 Die vorliegenden Seiten der Domain \"www.jessica-noll.de\", \"www.qi-point.de\", \"www.praxis-noll.de\", \"www.health-point-berlin.de\"\u00a0 mit ihren eingebundenen Texten, Bildern und Zeichnungen sind urheberrechtlich gesch\u00fctzt.<\/div><div>\u00a0<\/div><div>Die Seiten und die darauf enthaltenen Texte und Bilder d\u00fcrfen weder auszugsweise, noch komplett ohne schriftliche Genehmigung von Jessica Noll in irgendeiner Form (durch Kopien, Ausdrucke, Fotokopien, Mikroverfilmung oder irgendein anderes Verfahren) reproduziert oder in eine von Maschinen, insbesondere von Datenverarbeitungsmaschinen verwendbaren Sprache \u00fcbertragen oder \u00fcbersetzt werden.<\/div><p><b>\u00a0<\/b><\/p><\/div>\n\t<\/div>\n\t\t\t\t<\/div>\n\t\t\t\t<\/div>\n\t\t\t\t\t<\/div>\n\t\t<\/div>\n\t\t\t\t\t<\/div>\n\t\t<\/section>\n\t\t\t\t<\/div>","protected":false},"excerpt":{"rendered":"<p>Impressum Jessica Noll, HeilpraktikerinTCM Praxis Qi-Point Karlsruher Str. 7a\/810711 Berlin\u00a0 Verantwortlich f\u00fcr den Inhalt nach \u00a7 55 Abs. 2 RStV: Praxisname:\u00a0 TCM PraxisJessica Noll, Heilpraktikerin\u00a0 Praxisanschrift:Karlsruher Str. 7A\/8, 10711 Berlin Telefon:030-8312344 (Berlin) Fax:030-700143-0018 E-Mail:info@jessica-noll.de\u00a0 Zust\u00e4ndige\u00a0Aufsichtsbeh\u00f6rde: Gesundheitsamt Berlin Charlottenburg &#8211; Wilmersdorf Berufsbezeichnung:\u00a0Heilpraktiker (verliehen in der Bundesrepublik Deutschland)\u00a0 Berufsrechtliche Ordnungen:Gesundheitsamt Berlin Charlottenburg &#8211; WilmersdorfHeilpraktikergesetzBerufsbild des HeilpraktikersBehandlungskosten Relevante [&hellip;]<\/p>","protected":false},"author":10,"featured_media":9001,"parent":0,"menu_order":0,"comment_status":"closed","ping_status":"closed","template":"qi-full-width.php","meta":{"footnotes":""},"class_list":["post-9072","page","type-page","status-publish","has-post-thumbnail","hentry"],"yoast_head":"<!-- This site is optimized with the Yoast SEO plugin v25.6 - https:\/\/yoast.com\/wordpress\/plugins\/seo\/ -->\n<title>- JESSICA NOLL - TCM Praxis<\/title>\n<meta name=\"description\" content=\"Impressum: Jessica Noll, Heilpraktikerin und Faborm, TCM Praxis, Karlsruher Str. 7a\/8, 10711 Berlin (im Health-Point-Berlin)\" \/>\n<meta name=\"robots\" content=\"index, follow, max-snippet:-1, max-image-preview:large, max-video-preview:-1\" \/>\n<link rel=\"canonical\" href=\"https:\/\/jessica-noll.de\/en\/impressum\/\" \/>\n<meta property=\"og:locale\" content=\"en_GB\" \/>\n<meta property=\"og:type\" content=\"article\" \/>\n<meta property=\"og:title\" content=\"- JESSICA NOLL - TCM Praxis\" \/>\n<meta property=\"og:description\" content=\"Impressum: Jessica Noll, Heilpraktikerin und Faborm, TCM Praxis, Karlsruher Str. 7a\/8, 10711 Berlin (im Health-Point-Berlin)\" \/>\n<meta property=\"og:url\" content=\"https:\/\/jessica-noll.de\/en\/impressum\/\" \/>\n<meta property=\"og:site_name\" content=\"JESSICA NOLL - TCM Praxis\" \/>\n<meta property=\"article:modified_time\" content=\"2024-03-10T16:12:33+00:00\" \/>\n<meta property=\"og:image\" content=\"https:\/\/jessica-noll.de\/wp-content\/uploads\/2024\/02\/2-1.png\" \/>\n\t<meta property=\"og:image:width\" content=\"1116\" \/>\n\t<meta property=\"og:image:height\" content=\"1305\" \/>\n\t<meta property=\"og:image:type\" content=\"image\/png\" \/>\n<meta name=\"twitter:card\" content=\"summary_large_image\" \/>\n<meta name=\"twitter:label1\" content=\"Estimated reading time\" \/>\n\t<meta name=\"twitter:data1\" content=\"1 minute\" \/>\n<script type=\"application\/ld+json\" class=\"yoast-schema-graph\">{\"@context\":\"https:\/\/schema.org\",\"@graph\":[{\"@type\":\"WebPage\",\"@id\":\"https:\/\/jessica-noll.de\/impressum\/\",\"url\":\"https:\/\/jessica-noll.de\/impressum\/\",\"name\":\"- JESSICA NOLL - TCM Praxis\",\"isPartOf\":{\"@id\":\"https:\/\/jessica-noll.de\/#website\"},\"primaryImageOfPage\":{\"@id\":\"https:\/\/jessica-noll.de\/impressum\/#primaryimage\"},\"image\":{\"@id\":\"https:\/\/jessica-noll.de\/impressum\/#primaryimage\"},\"thumbnailUrl\":\"https:\/\/jessica-noll.de\/wp-content\/uploads\/2024\/02\/2-1.png\",\"datePublished\":\"2024-02-21T10:05:44+00:00\",\"dateModified\":\"2024-03-10T16:12:33+00:00\",\"description\":\"Impressum: Jessica Noll, Heilpraktikerin und Faborm, TCM Praxis, Karlsruher Str. 7a\/8, 10711 Berlin (im Health-Point-Berlin)\",\"breadcrumb\":{\"@id\":\"https:\/\/jessica-noll.de\/impressum\/#breadcrumb\"},\"inLanguage\":\"en-GB\",\"potentialAction\":[{\"@type\":\"ReadAction\",\"target\":[\"https:\/\/jessica-noll.de\/impressum\/\"]}]},{\"@type\":\"ImageObject\",\"inLanguage\":\"en-GB\",\"@id\":\"https:\/\/jessica-noll.de\/impressum\/#primaryimage\",\"url\":\"https:\/\/jessica-noll.de\/wp-content\/uploads\/2024\/02\/2-1.png\",\"contentUrl\":\"https:\/\/jessica-noll.de\/wp-content\/uploads\/2024\/02\/2-1.png\",\"width\":1116,\"height\":1305,\"caption\":\"Jessica Noll, HP & Faborm\"},{\"@type\":\"BreadcrumbList\",\"@id\":\"https:\/\/jessica-noll.de\/impressum\/#breadcrumb\",\"itemListElement\":[{\"@type\":\"ListItem\",\"position\":1,\"name\":\"Startseite\",\"item\":\"https:\/\/jessica-noll.de\/\"},{\"@type\":\"ListItem\",\"position\":2,\"name\":\"Impressum New\"}]},{\"@type\":\"WebSite\",\"@id\":\"https:\/\/jessica-noll.de\/#website\",\"url\":\"https:\/\/jessica-noll.de\/\",\"name\":\"JESSICA NOLL - TCM Praxis\",\"description\":\"Heilpraktikerin, Kinderwunschbehandlung und Frauenheilkunde\",\"publisher\":{\"@id\":\"https:\/\/jessica-noll.de\/#\/schema\/person\/97c0f5388818ca4e81a454bf42851b1e\"},\"potentialAction\":[{\"@type\":\"SearchAction\",\"target\":{\"@type\":\"EntryPoint\",\"urlTemplate\":\"https:\/\/jessica-noll.de\/?s={search_term_string}\"},\"query-input\":{\"@type\":\"PropertyValueSpecification\",\"valueRequired\":true,\"valueName\":\"search_term_string\"}}],\"inLanguage\":\"en-GB\"},{\"@type\":[\"Person\",\"Organization\"],\"@id\":\"https:\/\/jessica-noll.de\/#\/schema\/person\/97c0f5388818ca4e81a454bf42851b1e\",\"name\":\"Jessica Noll\",\"image\":{\"@type\":\"ImageObject\",\"inLanguage\":\"en-GB\",\"@id\":\"https:\/\/jessica-noll.de\/#\/schema\/person\/image\/\",\"url\":\"https:\/\/jessica-noll.de\/wp-content\/uploads\/2021\/04\/QiPoint-1.png\",\"contentUrl\":\"https:\/\/jessica-noll.de\/wp-content\/uploads\/2021\/04\/QiPoint-1.png\",\"width\":1027,\"height\":356,\"caption\":\"Jessica Noll\"},\"logo\":{\"@id\":\"https:\/\/jessica-noll.de\/#\/schema\/person\/image\/\"}}]}<\/script>\n<!-- \/ Yoast SEO plugin. -->","yoast_head_json":{"title":"- JESSICA NOLL - TCM Praxis","description":"Impressum: Jessica Noll, Heilpraktikerin und Faborm, TCM Praxis, Karlsruher Str. 7a\/8, 10711 Berlin (im Health-Point-Berlin)","robots":{"index":"index","follow":"follow","max-snippet":"max-snippet:-1","max-image-preview":"max-image-preview:large","max-video-preview":"max-video-preview:-1"},"canonical":"https:\/\/jessica-noll.de\/en\/impressum\/","og_locale":"en_GB","og_type":"article","og_title":"- JESSICA NOLL - TCM Praxis","og_description":"Impressum: Jessica Noll, Heilpraktikerin und Faborm, TCM Praxis, Karlsruher Str. 7a\/8, 10711 Berlin (im Health-Point-Berlin)","og_url":"https:\/\/jessica-noll.de\/en\/impressum\/","og_site_name":"JESSICA NOLL - TCM Praxis","article_modified_time":"2024-03-10T16:12:33+00:00","og_image":[{"width":1116,"height":1305,"url":"https:\/\/jessica-noll.de\/wp-content\/uploads\/2024\/02\/2-1.png","type":"image\/png"}],"twitter_card":"summary_large_image","twitter_misc":{"Estimated reading time":"1 minute"},"schema":{"@context":"https:\/\/schema.org","@graph":[{"@type":"WebPage","@id":"https:\/\/jessica-noll.de\/impressum\/","url":"https:\/\/jessica-noll.de\/impressum\/","name":"- JESSICA NOLL - TCM Praxis","isPartOf":{"@id":"https:\/\/jessica-noll.de\/#website"},"primaryImageOfPage":{"@id":"https:\/\/jessica-noll.de\/impressum\/#primaryimage"},"image":{"@id":"https:\/\/jessica-noll.de\/impressum\/#primaryimage"},"thumbnailUrl":"https:\/\/jessica-noll.de\/wp-content\/uploads\/2024\/02\/2-1.png","datePublished":"2024-02-21T10:05:44+00:00","dateModified":"2024-03-10T16:12:33+00:00","description":"Impressum: Jessica Noll, Heilpraktikerin und Faborm, TCM Praxis, Karlsruher Str. 7a\/8, 10711 Berlin (im Health-Point-Berlin)","breadcrumb":{"@id":"https:\/\/jessica-noll.de\/impressum\/#breadcrumb"},"inLanguage":"en-GB","potentialAction":[{"@type":"ReadAction","target":["https:\/\/jessica-noll.de\/impressum\/"]}]},{"@type":"ImageObject","inLanguage":"en-GB","@id":"https:\/\/jessica-noll.de\/impressum\/#primaryimage","url":"https:\/\/jessica-noll.de\/wp-content\/uploads\/2024\/02\/2-1.png","contentUrl":"https:\/\/jessica-noll.de\/wp-content\/uploads\/2024\/02\/2-1.png","width":1116,"height":1305,"caption":"Jessica Noll, HP & Faborm"},{"@type":"BreadcrumbList","@id":"https:\/\/jessica-noll.de\/impressum\/#breadcrumb","itemListElement":[{"@type":"ListItem","position":1,"name":"Startseite","item":"https:\/\/jessica-noll.de\/"},{"@type":"ListItem","position":2,"name":"Impressum New"}]},{"@type":"WebSite","@id":"https:\/\/jessica-noll.de\/#website","url":"https:\/\/jessica-noll.de\/","name":"JESSICA NOLL - TCM Praxis","description":"Heilpraktikerin, Kinderwunschbehandlung und Frauenheilkunde","publisher":{"@id":"https:\/\/jessica-noll.de\/#\/schema\/person\/97c0f5388818ca4e81a454bf42851b1e"},"potentialAction":[{"@type":"SearchAction","target":{"@type":"EntryPoint","urlTemplate":"https:\/\/jessica-noll.de\/?s={search_term_string}"},"query-input":{"@type":"PropertyValueSpecification","valueRequired":true,"valueName":"search_term_string"}}],"inLanguage":"en-GB"},{"@type":["Person","Organization"],"@id":"https:\/\/jessica-noll.de\/#\/schema\/person\/97c0f5388818ca4e81a454bf42851b1e","name":"Jessica Noll","image":{"@type":"ImageObject","inLanguage":"en-GB","@id":"https:\/\/jessica-noll.de\/#\/schema\/person\/image\/","url":"https:\/\/jessica-noll.de\/wp-content\/uploads\/2021\/04\/QiPoint-1.png","contentUrl":"https:\/\/jessica-noll.de\/wp-content\/uploads\/2021\/04\/QiPoint-1.png","width":1027,"height":356,"caption":"Jessica Noll"},"logo":{"@id":"https:\/\/jessica-noll.de\/#\/schema\/person\/image\/"}}]}},"_links":{"self":[{"href":"https:\/\/jessica-noll.de\/en\/wp-json\/wp\/v2\/pages\/9072"}],"collection":[{"href":"https:\/\/jessica-noll.de\/en\/wp-json\/wp\/v2\/pages"}],"about":[{"href":"https:\/\/jessica-noll.de\/en\/wp-json\/wp\/v2\/types\/page"}],"author":[{"embeddable":true,"href":"https:\/\/jessica-noll.de\/en\/wp-json\/wp\/v2\/users\/10"}],"replies":[{"embeddable":true,"href":"https:\/\/jessica-noll.de\/en\/wp-json\/wp\/v2\/comments?post=9072"}],"version-history":[{"count":10,"href":"https:\/\/jessica-noll.de\/en\/wp-json\/wp\/v2\/pages\/9072\/revisions"}],"predecessor-version":[{"id":9906,"href":"https:\/\/jessica-noll.de\/en\/wp-json\/wp\/v2\/pages\/9072\/revisions\/9906"}],"wp:featuredmedia":[{"embeddable":true,"href":"https:\/\/jessica-noll.de\/en\/wp-json\/wp\/v2\/media\/9001"}],"wp:attachment":[{"href":"https:\/\/jessica-noll.de\/en\/wp-json\/wp\/v2\/media?parent=9072"}],"curies":[{"name":"wp","href":"https:\/\/api.w.org\/{rel}","templated":true}]}}